{"id":16212,"date":"2024-08-28T10:17:47","date_gmt":"2024-08-28T10:17:47","guid":{"rendered":"https:\/\/wordpress-583806-4798031.cloudwaysapps.com\/?post_type=product&#038;p=16212"},"modified":"2026-01-14T14:41:43","modified_gmt":"2026-01-14T13:41:43","slug":"ugl-utveckling-av-grupp-och-ledare","status":"publish","type":"product","link":"https:\/\/staging.informator.se\/en\/produkt\/ugl-utveckling-av-grupp-och-ledare\/","title":{"rendered":"UGL &#8211; Utveckling av Grupp och Ledare"},"content":{"rendered":"<p><strong>UGL<\/strong>\u00a0\u00e4r Sveriges i s\u00e4rklass mest efterfr\u00e5gade ledarskapsutbildning.<br \/>\nHela v\u00e5rt samh\u00e4lle best\u00e5r av olika konstellationer och grupper.Det dynamiska samspelet mellan m\u00e4nniskor kan vid en f\u00f6rsta anblick se godtyckligt ut. \u00c4nd\u00e5 finns det generella och tydliga m\u00f6nster och mekanismer. Under en UGL vecka f\u00e5r du en m\u00f6jlighet att f\u00e5 en inblick i och f\u00f6rst\u00e5 dessa m\u00f6nster och mekanismer.<\/p>\n<p><strong>UGL<\/strong>\u00a0bygger p\u00e5 framf\u00f6r allt tv\u00e5 bepr\u00f6vade teorier: dels Susan A Wheelans forskning om grupputveckling och om kraven p\u00e5 ledarskap i gruppens olika mognadsstadier, dels Will Schutz forskning om hur relationerna mellan individerna i gruppen p\u00e5verkar samspelet och d\u00e4rmed effektiviteten.<\/p>\n<p><strong>Gruppstorlek: 8-12 deltagare,<\/strong>\u00a0utbildningen leds av certifierade handledare<br \/>\nSamtliga handledare \u00e4r\u00a0<strong>certifierade av F\u00f6rsvarsh\u00f6gskolan<\/strong>, som \u00e4ger och kontinuerligt kvalitetss\u00e4krar utbildningen.<br \/>\nObservera att viss undervisning sker kv\u00e4llstid varf\u00f6r \u00f6vernattning \u00e4r obligatorisk.<\/p>\n<p>I priset ing\u00e5r kostnad f\u00f6r boende och logi.<\/p>\n<p>&nbsp;<\/p>\n","protected":false},"excerpt":{"rendered":"<p>&#8211; alla borde g\u00e5 en UGL!<\/p>\n<p>UGL\u00a0\u00e4r Sveriges i s\u00e4rklass mest efterfr\u00e5gade ledarskapsutbildning.Hela v\u00e5rt samh\u00e4lle best\u00e5r av olika konstellationer och grupper.Det dynamiska samspelet mellan m\u00e4nniskor kan vid en f\u00f6rsta anblick se godtyckligt ut. \u00c4nd\u00e5 finns det generella och tydliga m\u00f6nster och mekanismer. Under en UGL vecka f\u00e5r du en m\u00f6jlighet att f\u00e5 en inblick i och f\u00f6rst\u00e5 dessa m\u00f6nster och mekanismer.<\/p>\n<p>UGL bygger p\u00e5 framf\u00f6r allt tv\u00e5 bepr\u00f6vade teorier: dels Susan A Wheelans forskning om grupputveckling och om kraven p\u00e5 ledarskap i gruppens olika mognadsstadier, dels Will Schutz forskning om hur relationerna mellan individerna i gruppen p\u00e5verkar samspelet och d\u00e4rmed effektiviteten.<\/p>\n<p>Under fem dagar ges du m\u00f6jlighet att tr\u00e4na ditt eget ledarskap och f\u00e5 direkt \u00e5terkoppling p\u00e5 ditt s\u00e4tt att p\u00e5verka och ut\u00f6va inflytande. Gruppen anv\u00e4nds som instrument f\u00f6r l\u00e4randet, vilket skapar unika situationer d\u00e4r kopplingen mellan teori och verklighet \u00e4r tydlig och omedelbar. Du f\u00e5r \u00e4ven ett l\u00e4rande om kommunikation och konflikthantering. En UGL utbildning omfattar ca 48 timmars utbildning i gruppens utveckling, ledarskap, processmedvetenhet och sj\u00e4lvk\u00e4nnedom.<\/p>\n<p>De flesta som har g\u00e5tt en UGL utbildning beskriver sina fem dagar snarare som en upplevelse, \u00e4n en utbildning. Vars och ens individuella upplevelse \u00e4r unik. Varje grupps resa fr\u00e5n totalt fr\u00e4mlingskap dag 1, till ett visst stadium av mognad dag 5, \u00e4r unikt f\u00f6r just den gruppen. Under fem dagar skapas en enskild och en gemensam upplevelse som endast just dessa deltagare har varit med om; en gemensam resa som inte \u00e4r l\u00e4tt att f\u00f6rklara f\u00f6r n\u00e5gon som inte var med. Rekommendationen brukar bli \u2013 g\u00e5 UGL och upplev resan sj\u00e4lv!<\/p>\n<p>Gruppstorlek: 8-12 deltagare, utbildningen leds av certifierade handledareSamtliga handledare \u00e4r certifierade av F\u00f6rsvarsh\u00f6gskolan, som \u00e4ger och kontinuerligt kvalitetss\u00e4krar utbildningen.Observera att viss undervisning sker kv\u00e4llstid varf\u00f6r \u00f6vernattning \u00e4r obligatorisk.<\/p>\n<p>F\u00f6r exakta priser och kurscenter se CoreCodes sida: UGL &#8211; Utveckling av Grupp och Ledare<\/p>\n","protected":false},"author":1,"featured_media":0,"template":"","meta":{"om_disable_all_campaigns":false,"_monsterinsights_skip_tracking":false,"_monsterinsights_sitenote_active":false,"_monsterinsights_sitenote_note":"","_monsterinsights_sitenote_category":0},"product_brand":[],"product_cat":[82],"product_tag":[],"programsprak_plattform":[],"betalningsmetoder":[],"sprak":[371],"startgaranti":[],"certifieringsorgan":[],"certifieringsbar":[40],"svarighetsniva":[42],"leveranssatt":[975],"class_list":{"0":"post-16212","1":"product","2":"type-product","3":"status-publish","5":"product_cat-ledarskap-och-kommunikation","6":"sprak-svenska","7":"certifieringsbar-nej","8":"svarighetsniva-fortsattning","9":"leveranssatt-klassrum","11":"first","12":"instock","13":"virtual","14":"taxable","15":"purchasable","16":"product-type-simple"},"aioseo_notices":[],"_links":{"self":[{"href":"https:\/\/staging.informator.se\/en\/wp-json\/wp\/v2\/product\/16212","targetHints":{"allow":["GET"]}}],"collection":[{"href":"https:\/\/staging.informator.se\/en\/wp-json\/wp\/v2\/product"}],"about":[{"href":"https:\/\/staging.informator.se\/en\/wp-json\/wp\/v2\/types\/product"}],"author":[{"embeddable":true,"href":"https:\/\/staging.informator.se\/en\/wp-json\/wp\/v2\/users\/1"}],"version-history":[{"count":4,"href":"https:\/\/staging.informator.se\/en\/wp-json\/wp\/v2\/product\/16212\/revisions"}],"predecessor-version":[{"id":31833,"href":"https:\/\/staging.informator.se\/en\/wp-json\/wp\/v2\/product\/16212\/revisions\/31833"}],"wp:attachment":[{"href":"https:\/\/staging.informator.se\/en\/wp-json\/wp\/v2\/media?parent=16212"}],"wp:term":[{"taxonomy":"product_brand","embeddable":true,"href":"https:\/\/staging.informator.se\/en\/wp-json\/wp\/v2\/product_brand?post=16212"},{"taxonomy":"product_cat","embeddable":true,"href":"https:\/\/staging.informator.se\/en\/wp-json\/wp\/v2\/product_cat?post=16212"},{"taxonomy":"product_tag","embeddable":true,"href":"https:\/\/staging.informator.se\/en\/wp-json\/wp\/v2\/product_tag?post=16212"},{"taxonomy":"programsprak_plattform","embeddable":true,"href":"https:\/\/staging.informator.se\/en\/wp-json\/wp\/v2\/programsprak_plattform?post=16212"},{"taxonomy":"betalningsmetoder","embeddable":true,"href":"https:\/\/staging.informator.se\/en\/wp-json\/wp\/v2\/betalningsmetoder?post=16212"},{"taxonomy":"sprak","embeddable":true,"href":"https:\/\/staging.informator.se\/en\/wp-json\/wp\/v2\/sprak?post=16212"},{"taxonomy":"startgaranti","embeddable":true,"href":"https:\/\/staging.informator.se\/en\/wp-json\/wp\/v2\/startgaranti?post=16212"},{"taxonomy":"certifieringsorgan","embeddable":true,"href":"https:\/\/staging.informator.se\/en\/wp-json\/wp\/v2\/certifieringsorgan?post=16212"},{"taxonomy":"certifieringsbar","embeddable":true,"href":"https:\/\/staging.informator.se\/en\/wp-json\/wp\/v2\/certifieringsbar?post=16212"},{"taxonomy":"svarighetsniva","embeddable":true,"href":"https:\/\/staging.informator.se\/en\/wp-json\/wp\/v2\/svarighetsniva?post=16212"},{"taxonomy":"leveranssatt","embeddable":true,"href":"https:\/\/staging.informator.se\/en\/wp-json\/wp\/v2\/leveranssatt?post=16212"}],"curies":[{"name":"wp","href":"https:\/\/api.w.org\/{rel}","templated":true}]}}