{"id":18423,"date":"2024-08-28T10:28:12","date_gmt":"2024-08-28T10:28:12","guid":{"rendered":"https:\/\/wordpress-583806-4798031.cloudwaysapps.com\/?post_type=product&#038;p=18423"},"modified":"2026-02-18T16:28:10","modified_gmt":"2026-02-18T15:28:10","slug":"kom-igng-med-windows-server-och-powershell","status":"publish","type":"product","link":"https:\/\/staging.informator.se\/en\/produkt\/kom-igng-med-windows-server-och-powershell\/","title":{"rendered":"Kom ig\u00e5ng med Windows Server och PowerShell"},"content":{"rendered":"<p>Kursen f\u00f6r dig utan tidigare erfarenheter av Microsoft serveroperativsystem. P\u00e5 kursen g\u00e5r vi igenom de olika varianterna som finns, licensieringsmodeller, h\u00e5rdvarukrav samt de olika delar som ing\u00e5r. Vi har ocks\u00e5 en kort genomg\u00e5ng av Active Directory Directory Services och integration med klienter samt en introduktion till PowerShell och dess m\u00f6jligheter till script f\u00f6r administration Kursen \u00e4r versionsoberoende dvs den anpassas till senaste versionen men och tar upp skillnader mot tidigare versioner. P\u00e5 kursen blandas teori och praktik.<\/p>\n","protected":false},"excerpt":{"rendered":"<p>Kursen f\u00f6r dig utan tidigare erfarenheter av Microsoft serveroperativsystem. P\u00e5 kursen g\u00e5r vi igenom de olika varianterna som finns, licensieringsmodeller, h\u00e5rdvarukrav samt de olika delar som ing\u00e5r. Vi har ocks\u00e5 en kort genomg\u00e5ng av Active Directory Directory Services och integration med klienter samt en introduktion till PowerShell och dess m\u00f6jligheter till script f\u00f6r administration Kursen \u00e4r versionsoberoende dvs den anpassas till senaste versionen men och tar upp skillnader mot tidigare versioner. P\u00e5 kursen blandas teori och praktik.<\/p>\n","protected":false},"author":1,"featured_media":0,"template":"","meta":{"om_disable_all_campaigns":false,"_monsterinsights_skip_tracking":false,"_monsterinsights_sitenote_active":false,"_monsterinsights_sitenote_note":"","_monsterinsights_sitenote_category":0},"product_brand":[],"product_cat":[1296],"product_tag":[1284],"programsprak_plattform":[],"betalningsmetoder":[],"sprak":[371],"startgaranti":[],"certifieringsorgan":[],"certifieringsbar":[],"svarighetsniva":[41],"leveranssatt":[975],"class_list":{"0":"post-18423","1":"product","2":"type-product","3":"status-publish","5":"product_cat-infrastruktur-och-molntjanster","6":"product_tag-windows-server","7":"sprak-svenska","8":"svarighetsniva-grund","9":"leveranssatt-klassrum","11":"first","12":"instock","13":"virtual","14":"taxable","15":"purchasable","16":"product-type-simple"},"aioseo_notices":[],"_links":{"self":[{"href":"https:\/\/staging.informator.se\/en\/wp-json\/wp\/v2\/product\/18423","targetHints":{"allow":["GET"]}}],"collection":[{"href":"https:\/\/staging.informator.se\/en\/wp-json\/wp\/v2\/product"}],"about":[{"href":"https:\/\/staging.informator.se\/en\/wp-json\/wp\/v2\/types\/product"}],"author":[{"embeddable":true,"href":"https:\/\/staging.informator.se\/en\/wp-json\/wp\/v2\/users\/1"}],"version-history":[{"count":2,"href":"https:\/\/staging.informator.se\/en\/wp-json\/wp\/v2\/product\/18423\/revisions"}],"predecessor-version":[{"id":32656,"href":"https:\/\/staging.informator.se\/en\/wp-json\/wp\/v2\/product\/18423\/revisions\/32656"}],"wp:attachment":[{"href":"https:\/\/staging.informator.se\/en\/wp-json\/wp\/v2\/media?parent=18423"}],"wp:term":[{"taxonomy":"product_brand","embeddable":true,"href":"https:\/\/staging.informator.se\/en\/wp-json\/wp\/v2\/product_brand?post=18423"},{"taxonomy":"product_cat","embeddable":true,"href":"https:\/\/staging.informator.se\/en\/wp-json\/wp\/v2\/product_cat?post=18423"},{"taxonomy":"product_tag","embeddable":true,"href":"https:\/\/staging.informator.se\/en\/wp-json\/wp\/v2\/product_tag?post=18423"},{"taxonomy":"programsprak_plattform","embeddable":true,"href":"https:\/\/staging.informator.se\/en\/wp-json\/wp\/v2\/programsprak_plattform?post=18423"},{"taxonomy":"betalningsmetoder","embeddable":true,"href":"https:\/\/staging.informator.se\/en\/wp-json\/wp\/v2\/betalningsmetoder?post=18423"},{"taxonomy":"sprak","embeddable":true,"href":"https:\/\/staging.informator.se\/en\/wp-json\/wp\/v2\/sprak?post=18423"},{"taxonomy":"startgaranti","embeddable":true,"href":"https:\/\/staging.informator.se\/en\/wp-json\/wp\/v2\/startgaranti?post=18423"},{"taxonomy":"certifieringsorgan","embeddable":true,"href":"https:\/\/staging.informator.se\/en\/wp-json\/wp\/v2\/certifieringsorgan?post=18423"},{"taxonomy":"certifieringsbar","embeddable":true,"href":"https:\/\/staging.informator.se\/en\/wp-json\/wp\/v2\/certifieringsbar?post=18423"},{"taxonomy":"svarighetsniva","embeddable":true,"href":"https:\/\/staging.informator.se\/en\/wp-json\/wp\/v2\/svarighetsniva?post=18423"},{"taxonomy":"leveranssatt","embeddable":true,"href":"https:\/\/staging.informator.se\/en\/wp-json\/wp\/v2\/leveranssatt?post=18423"}],"curies":[{"name":"wp","href":"https:\/\/api.w.org\/{rel}","templated":true}]}}