{"id":19310,"date":"2024-08-28T10:33:36","date_gmt":"2024-08-28T10:33:36","guid":{"rendered":"https:\/\/wordpress-583806-4798031.cloudwaysapps.com\/?post_type=product&#038;p=19310"},"modified":"2026-01-12T19:34:50","modified_gmt":"2026-01-12T18:34:50","slug":"chefskapets-grunder","status":"publish","type":"product","link":"https:\/\/staging.informator.se\/en\/produkt\/chefskapets-grunder\/","title":{"rendered":"Ny som chef"},"content":{"rendered":"<p>Ledarskap och chefskap \u00e4r tv\u00e5 olika funktioner. F\u00f6r att du ska lyckas b\u00e4st \u00e4r det viktigt att f\u00f6rst\u00e5 skillnaden och vad det inneb\u00e4r f\u00f6r just dig i din roll. H\u00e4r klarg\u00f6r vi begreppen och tipsar om hur du hittar balans i ditt chefsuppdrag.<\/p>\n","protected":false},"excerpt":{"rendered":"<p>Ledarskap och chefskap \u00e4r tv\u00e5 olika funktioner. F\u00f6r att du ska lyckas b\u00e4st \u00e4r det viktigt att f\u00f6rst\u00e5 skillnaden och vad det inneb\u00e4r f\u00f6r just dig i din roll. H\u00e4r klarg\u00f6r vi begreppen och tipsar om hur du hittar balans i ditt chefsuppdrag.<\/p>\n","protected":false},"author":1,"featured_media":0,"template":"","meta":{"om_disable_all_campaigns":false,"_monsterinsights_skip_tracking":false,"_monsterinsights_sitenote_active":false,"_monsterinsights_sitenote_note":"","_monsterinsights_sitenote_category":0},"product_brand":[],"product_cat":[82],"product_tag":[],"programsprak_plattform":[],"betalningsmetoder":[],"sprak":[371],"startgaranti":[],"certifieringsorgan":[],"certifieringsbar":[],"svarighetsniva":[41],"leveranssatt":[37],"class_list":{"0":"post-19310","1":"product","2":"type-product","3":"status-publish","5":"product_cat-ledarskap-och-kommunikation","6":"sprak-svenska","7":"svarighetsniva-grund","8":"leveranssatt-distans","10":"first","11":"instock","12":"virtual","13":"taxable","14":"purchasable","15":"product-type-simple"},"aioseo_notices":[],"_links":{"self":[{"href":"https:\/\/staging.informator.se\/en\/wp-json\/wp\/v2\/product\/19310","targetHints":{"allow":["GET"]}}],"collection":[{"href":"https:\/\/staging.informator.se\/en\/wp-json\/wp\/v2\/product"}],"about":[{"href":"https:\/\/staging.informator.se\/en\/wp-json\/wp\/v2\/types\/product"}],"author":[{"embeddable":true,"href":"https:\/\/staging.informator.se\/en\/wp-json\/wp\/v2\/users\/1"}],"version-history":[{"count":2,"href":"https:\/\/staging.informator.se\/en\/wp-json\/wp\/v2\/product\/19310\/revisions"}],"predecessor-version":[{"id":32236,"href":"https:\/\/staging.informator.se\/en\/wp-json\/wp\/v2\/product\/19310\/revisions\/32236"}],"wp:attachment":[{"href":"https:\/\/staging.informator.se\/en\/wp-json\/wp\/v2\/media?parent=19310"}],"wp:term":[{"taxonomy":"product_brand","embeddable":true,"href":"https:\/\/staging.informator.se\/en\/wp-json\/wp\/v2\/product_brand?post=19310"},{"taxonomy":"product_cat","embeddable":true,"href":"https:\/\/staging.informator.se\/en\/wp-json\/wp\/v2\/product_cat?post=19310"},{"taxonomy":"product_tag","embeddable":true,"href":"https:\/\/staging.informator.se\/en\/wp-json\/wp\/v2\/product_tag?post=19310"},{"taxonomy":"programsprak_plattform","embeddable":true,"href":"https:\/\/staging.informator.se\/en\/wp-json\/wp\/v2\/programsprak_plattform?post=19310"},{"taxonomy":"betalningsmetoder","embeddable":true,"href":"https:\/\/staging.informator.se\/en\/wp-json\/wp\/v2\/betalningsmetoder?post=19310"},{"taxonomy":"sprak","embeddable":true,"href":"https:\/\/staging.informator.se\/en\/wp-json\/wp\/v2\/sprak?post=19310"},{"taxonomy":"startgaranti","embeddable":true,"href":"https:\/\/staging.informator.se\/en\/wp-json\/wp\/v2\/startgaranti?post=19310"},{"taxonomy":"certifieringsorgan","embeddable":true,"href":"https:\/\/staging.informator.se\/en\/wp-json\/wp\/v2\/certifieringsorgan?post=19310"},{"taxonomy":"certifieringsbar","embeddable":true,"href":"https:\/\/staging.informator.se\/en\/wp-json\/wp\/v2\/certifieringsbar?post=19310"},{"taxonomy":"svarighetsniva","embeddable":true,"href":"https:\/\/staging.informator.se\/en\/wp-json\/wp\/v2\/svarighetsniva?post=19310"},{"taxonomy":"leveranssatt","embeddable":true,"href":"https:\/\/staging.informator.se\/en\/wp-json\/wp\/v2\/leveranssatt?post=19310"}],"curies":[{"name":"wp","href":"https:\/\/api.w.org\/{rel}","templated":true}]}}