{"id":31553,"date":"2025-09-03T15:14:07","date_gmt":"2025-09-03T14:14:07","guid":{"rendered":"https:\/\/staging.informator.se\/?post_type=product&#038;p=31553"},"modified":"2026-01-21T15:23:59","modified_gmt":"2026-01-21T14:23:59","slug":"konfigurera-och-administrera-iis-pa-windows-server","status":"publish","type":"product","link":"https:\/\/staging.informator.se\/en\/produkt\/konfigurera-och-administrera-iis-pa-windows-server\/","title":{"rendered":"Konfigurera och administrera IIS p\u00e5 Windows Server"},"content":{"rendered":"<p>Denna kurs ger dig grundl\u00e4ggande kunskaper och f\u00e4rdigheter f\u00f6r att konfigurera och hantera Microsoft Internet Information Services (IIS).<\/p>\n","protected":false},"excerpt":{"rendered":"<p>Denna kurs ger dig grundl\u00e4ggande kunskaper och f\u00e4rdigheter f\u00f6r att konfigurera och hantera Microsoft Internet Information Services (IIS).<\/p>\n","protected":false},"author":10,"featured_media":0,"template":"","meta":{"om_disable_all_campaigns":false,"_monsterinsights_skip_tracking":false,"_monsterinsights_sitenote_active":false,"_monsterinsights_sitenote_note":"","_monsterinsights_sitenote_category":0},"product_brand":[],"product_cat":[1296],"product_tag":[],"programsprak_plattform":[1003],"betalningsmetoder":[],"sprak":[371],"startgaranti":[],"certifieringsorgan":[],"certifieringsbar":[40],"svarighetsniva":[42],"leveranssatt":[37],"class_list":{"0":"post-31553","1":"product","2":"type-product","3":"status-publish","5":"product_cat-infrastruktur-och-molntjanster","6":"programsprak_plattform-ms-office","7":"sprak-svenska","8":"certifieringsbar-nej","9":"svarighetsniva-fortsattning","10":"leveranssatt-distans","12":"first","13":"instock","14":"virtual","15":"taxable","16":"purchasable","17":"product-type-simple"},"aioseo_notices":[],"_links":{"self":[{"href":"https:\/\/staging.informator.se\/en\/wp-json\/wp\/v2\/product\/31553","targetHints":{"allow":["GET"]}}],"collection":[{"href":"https:\/\/staging.informator.se\/en\/wp-json\/wp\/v2\/product"}],"about":[{"href":"https:\/\/staging.informator.se\/en\/wp-json\/wp\/v2\/types\/product"}],"author":[{"embeddable":true,"href":"https:\/\/staging.informator.se\/en\/wp-json\/wp\/v2\/users\/10"}],"version-history":[{"count":3,"href":"https:\/\/staging.informator.se\/en\/wp-json\/wp\/v2\/product\/31553\/revisions"}],"predecessor-version":[{"id":31557,"href":"https:\/\/staging.informator.se\/en\/wp-json\/wp\/v2\/product\/31553\/revisions\/31557"}],"wp:attachment":[{"href":"https:\/\/staging.informator.se\/en\/wp-json\/wp\/v2\/media?parent=31553"}],"wp:term":[{"taxonomy":"product_brand","embeddable":true,"href":"https:\/\/staging.informator.se\/en\/wp-json\/wp\/v2\/product_brand?post=31553"},{"taxonomy":"product_cat","embeddable":true,"href":"https:\/\/staging.informator.se\/en\/wp-json\/wp\/v2\/product_cat?post=31553"},{"taxonomy":"product_tag","embeddable":true,"href":"https:\/\/staging.informator.se\/en\/wp-json\/wp\/v2\/product_tag?post=31553"},{"taxonomy":"programsprak_plattform","embeddable":true,"href":"https:\/\/staging.informator.se\/en\/wp-json\/wp\/v2\/programsprak_plattform?post=31553"},{"taxonomy":"betalningsmetoder","embeddable":true,"href":"https:\/\/staging.informator.se\/en\/wp-json\/wp\/v2\/betalningsmetoder?post=31553"},{"taxonomy":"sprak","embeddable":true,"href":"https:\/\/staging.informator.se\/en\/wp-json\/wp\/v2\/sprak?post=31553"},{"taxonomy":"startgaranti","embeddable":true,"href":"https:\/\/staging.informator.se\/en\/wp-json\/wp\/v2\/startgaranti?post=31553"},{"taxonomy":"certifieringsorgan","embeddable":true,"href":"https:\/\/staging.informator.se\/en\/wp-json\/wp\/v2\/certifieringsorgan?post=31553"},{"taxonomy":"certifieringsbar","embeddable":true,"href":"https:\/\/staging.informator.se\/en\/wp-json\/wp\/v2\/certifieringsbar?post=31553"},{"taxonomy":"svarighetsniva","embeddable":true,"href":"https:\/\/staging.informator.se\/en\/wp-json\/wp\/v2\/svarighetsniva?post=31553"},{"taxonomy":"leveranssatt","embeddable":true,"href":"https:\/\/staging.informator.se\/en\/wp-json\/wp\/v2\/leveranssatt?post=31553"}],"curies":[{"name":"wp","href":"https:\/\/api.w.org\/{rel}","templated":true}]}}