{"id":32707,"date":"2026-03-19T16:14:13","date_gmt":"2026-03-19T15:14:13","guid":{"rendered":"https:\/\/staging.informator.se\/produkt\/poc-ai-for-utvecklare\/"},"modified":"2026-03-31T12:13:17","modified_gmt":"2026-03-31T11:13:17","slug":"poc-ai-for-utvecklare","status":"publish","type":"product","link":"https:\/\/staging.informator.se\/en\/produkt\/poc-ai-for-utvecklare\/","title":{"rendered":"POC: AI f\u00f6r utvecklare"},"content":{"rendered":"<p>Denna kurs ger dig en praktisk introduktion till AI och maskininl\u00e4rning ur ett utvecklarperspektiv. Du l\u00e4r dig grunderna i neurala n\u00e4tverk, hur du anv\u00e4nder moderna AI-API:er, och hur du integrerar AI-funktionalitet i dina applikationer.<\/p>\n<p>Kursen kombinerar teori med praktiska \u00f6vningar d\u00e4r du bygger verkliga AI-drivna l\u00f6sningar.<\/p>\n","protected":false},"excerpt":{"rendered":"<p>Praktisk introduktion till AI och maskininl\u00e4rning f\u00f6r utvecklare. L\u00e4r dig neurala n\u00e4tverk, moderna AI-API:er och hur du integrerar AI i dina applikationer.<\/p>\n","protected":false},"author":18,"featured_media":0,"template":"","meta":{"om_disable_all_campaigns":false,"_monsterinsights_skip_tracking":false,"_monsterinsights_sitenote_active":false,"_monsterinsights_sitenote_note":"","_monsterinsights_sitenote_category":0},"product_brand":[],"product_cat":[76,984],"product_tag":[],"programsprak_plattform":[],"betalningsmetoder":[],"sprak":[371],"startgaranti":[369],"certifieringsorgan":[53],"certifieringsbar":[],"svarighetsniva":[41],"leveranssatt":[37,975],"class_list":{"0":"post-32707","1":"product","2":"type-product","3":"status-publish","5":"product_cat-agila-metoder","6":"product_cat-metoder-ramverk","7":"sprak-svenska","8":"startgaranti-go-kurs","9":"certifieringsorgan-scaled-agile","10":"svarighetsniva-grund","11":"leveranssatt-distans","12":"leveranssatt-klassrum","14":"first","15":"outofstock","16":"taxable","17":"shipping-taxable","18":"product-type-variable","19":"has-default-attributes"},"aioseo_notices":[],"_links":{"self":[{"href":"https:\/\/staging.informator.se\/en\/wp-json\/wp\/v2\/product\/32707","targetHints":{"allow":["GET"]}}],"collection":[{"href":"https:\/\/staging.informator.se\/en\/wp-json\/wp\/v2\/product"}],"about":[{"href":"https:\/\/staging.informator.se\/en\/wp-json\/wp\/v2\/types\/product"}],"author":[{"embeddable":true,"href":"https:\/\/staging.informator.se\/en\/wp-json\/wp\/v2\/users\/18"}],"version-history":[{"count":2,"href":"https:\/\/staging.informator.se\/en\/wp-json\/wp\/v2\/product\/32707\/revisions"}],"predecessor-version":[{"id":32717,"href":"https:\/\/staging.informator.se\/en\/wp-json\/wp\/v2\/product\/32707\/revisions\/32717"}],"wp:attachment":[{"href":"https:\/\/staging.informator.se\/en\/wp-json\/wp\/v2\/media?parent=32707"}],"wp:term":[{"taxonomy":"product_brand","embeddable":true,"href":"https:\/\/staging.informator.se\/en\/wp-json\/wp\/v2\/product_brand?post=32707"},{"taxonomy":"product_cat","embeddable":true,"href":"https:\/\/staging.informator.se\/en\/wp-json\/wp\/v2\/product_cat?post=32707"},{"taxonomy":"product_tag","embeddable":true,"href":"https:\/\/staging.informator.se\/en\/wp-json\/wp\/v2\/product_tag?post=32707"},{"taxonomy":"programsprak_plattform","embeddable":true,"href":"https:\/\/staging.informator.se\/en\/wp-json\/wp\/v2\/programsprak_plattform?post=32707"},{"taxonomy":"betalningsmetoder","embeddable":true,"href":"https:\/\/staging.informator.se\/en\/wp-json\/wp\/v2\/betalningsmetoder?post=32707"},{"taxonomy":"sprak","embeddable":true,"href":"https:\/\/staging.informator.se\/en\/wp-json\/wp\/v2\/sprak?post=32707"},{"taxonomy":"startgaranti","embeddable":true,"href":"https:\/\/staging.informator.se\/en\/wp-json\/wp\/v2\/startgaranti?post=32707"},{"taxonomy":"certifieringsorgan","embeddable":true,"href":"https:\/\/staging.informator.se\/en\/wp-json\/wp\/v2\/certifieringsorgan?post=32707"},{"taxonomy":"certifieringsbar","embeddable":true,"href":"https:\/\/staging.informator.se\/en\/wp-json\/wp\/v2\/certifieringsbar?post=32707"},{"taxonomy":"svarighetsniva","embeddable":true,"href":"https:\/\/staging.informator.se\/en\/wp-json\/wp\/v2\/svarighetsniva?post=32707"},{"taxonomy":"leveranssatt","embeddable":true,"href":"https:\/\/staging.informator.se\/en\/wp-json\/wp\/v2\/leveranssatt?post=32707"}],"curies":[{"name":"wp","href":"https:\/\/api.w.org\/{rel}","templated":true}]}}